{"id":52019,"date":"2020-09-09T07:29:33","date_gmt":"2020-09-09T07:29:33","guid":{"rendered":"https:\/\/rivald.dk\/product\/moertel-fugepistol-paa-lufttryk-hurtigere-og-mindre-boevl\/"},"modified":"2022-08-29T14:11:19","modified_gmt":"2022-08-29T14:11:19","slug":"mortel-fugen-spritze-mit-druckluft-schneller-und-weniger-aufwand","status":"publish","type":"product","link":"https:\/\/rivald.dk\/de\/produkt\/mortel-fugen-spritze-mit-druckluft-schneller-und-weniger-aufwand\/","title":{"rendered":"M\u00f6rtel Fugen Spritze mit Druckluft &#8211; schneller und weniger Aufwand"},"content":{"rendered":"<p>Wenn Sie mit Fugenfr\u00e4sen und Nachverfugen arbeiten und etwas vermissen, das Ihre Fugenarbeiten mit M\u00f6rtel wirklich erleichtert, finden Sie hier die Antwort.<\/p>\n<p>Die Luftdruck M\u00f6rtelspritze von Rivald kann viele der Probleme l\u00f6sen, die bei M\u00f6rtel-Injektionspistolen mit Schraubenvorschub auftreten.<br \/>\nMit der Druckluft-M\u00f6rtelspritze ist es nicht notwendig, einen plastifizierenden Zusatz f\u00fcr gew\u00f6hnliche M\u00f6rtel zu verwenden. So bekommen Sie keinen \u00c4rger mit Architekt, Statiker etc. Denn der zum Verfugen verwendete M\u00f6rtel ver\u00e4Du kan fuge op til 0.5m2 pro Fullung nat\u00fcrlich je nachdem wie tief deine M\u00f6rtelfuge ist.<\/p>\n<p><iframe loading=\"lazy\" title=\"Druckluft M\u00f6rtelfugen Spritze - schneller und weniger Aufwand\" width=\"1080\" height=\"608\" src=\"https:\/\/www.youtube.com\/embed\/Z8gk5OjXiYE?feature=oembed&#038;enablejsapi=1&#038;origin=https:\/\/rivald.dk\"  allow=\"accelerometer; autoplay; clipboard-write; encrypted-media; gyroscope; picture-in-picture\" allowfullscreen><\/iframe><\/p>\n<p>uck wird am Kompressor reguliert und hier bestimmen Sie auch die Geschwindigkeit Ihrer Injektion \u2013 mehr Druck auf die Injektionspistole bedeutet h\u00f6here Injektionsgeschwindigkeit. Mit dieser Maschine k\u00f6nnen Sie den M\u00f6rtel im Vergleich zu anderen Fugenpistolen auf dem Markt auch etwas dicker mischen.<br \/>\nWenn Sie Werkzeuge bei rivald.dk kaufen, haben Sie es mit erfahrenen Fachleuten zu tun. Wir arbeiten st\u00e4ndig daran, spezielle Werkzeuge zu entwickeln oder zu finden und zu importieren, damit Sie Ihre Arbeitsaufgabe professionell und schnell erledigen k\u00f6nnen.<br \/>\nWenn Sie eine gute Idee f\u00fcr ein Tool haben, das nicht leicht zu finden ist, w\u00fcrden wir uns freuen, von Ihnen zu h\u00f6ren. Nichts ist zu gro\u00df oder zu klein. Wir entwickeln uns gerne gemeinsam mit unseren Kunden.<br \/>\nGemeinsam werden wir es schaffen.<\/p>\n<p>&nbsp;<\/p>\n","protected":false},"excerpt":{"rendered":"<p>Professionelle M\u00f6rtelspritze mit Luftdruck f\u00fcr schnelles Verfugen im Tegel mauer<br \/>\nMit Druckluftm\u00f6rtelpistole ist es nicht notwendig Weichmacher f\u00fcr M\u00f6rtel zu verwenden.<br \/>\nSehr g\u00fcnstiger Betrieb durch wenige mechanische Verschlei\u00dfteile.<br \/>\nVerwendet f\u00fcr 0-4 mm M\u00f6rtel.<br \/>\nDas Druckluft-Kit enth\u00e4lt:<br \/>\nDer Beh\u00e4lter selbst f\u00fcr M\u00f6rtel inkl. Griff und<br \/>\no Ringe und Deckel mit mechanischer Druckregulierung<br \/>\nD\u00fcse aus 10 und 22 mm Edelstahl<br \/>\nZwei D\u00fcsen aus 16 mm Edelstahl in verschiedenen Formen<br \/>\nM\u00f6rserl\u00f6ffel<br \/>\nZwei Stk. Dichtung f\u00fcr Deckel<br \/>\nErsatz-O-Ring<br \/>\nLieferung in einem praktischen Etui zur Aufbewahrung und zum Transport<\/p>\n\n<p>&nbsp;<\/p>\n","protected":false},"featured_media":52022,"template":"","meta":{"_acf_changed":false,"_et_pb_use_builder":"","_et_pb_old_content":"","_et_gb_content_width":""},"product_brand":[],"product_cat":[562,469],"product_tag":[695,696],"class_list":{"0":"post-52019","1":"product","2":"type-product","3":"status-publish","4":"has-post-thumbnail","6":"product_cat-moertelpressen-de","7":"product_cat-alle-produkte","8":"product_tag-trykluft-moertelfugepistol-de","9":"product_tag-trykluft-moertelpistol-de","11":"first","12":"outofstock","13":"taxable","14":"shipping-taxable","15":"purchasable","16":"product-type-simple"},"acf":[],"yoast_head":"<!-- This site is optimized with the Yoast SEO Premium plugin v25.0 (Yoast SEO v25.0) - https:\/\/yoast.com\/wordpress\/plugins\/seo\/ -->\n<title>M\u00f6rtel Fugen Spritze mit Druckluft - schneller und weniger Aufwand<\/title>\n<meta name=\"description\" content=\"ingen sliddele der skal skiftes, nem at reng\u00f8re og ikke brug for plastificerende tils\u00e6tning og fuger unden problemer 0-4 mm m\u00f8rtler\" \/>\n<meta name=\"robots\" content=\"index, follow, max-snippet:-1, max-image-preview:large, max-video-preview:-1\" \/>\n<link rel=\"canonical\" href=\"https:\/\/rivald.dk\/produkt\/moertel-fugepistol-paa-lufttryk-hurtigere-og-mindre-boevl\/\" \/>\n<meta property=\"og:locale\" content=\"de_DE\" \/>\n<meta property=\"og:type\" content=\"article\" \/>\n<meta property=\"og:title\" content=\"M\u00f6rtel Fugen Spritze mit Druckluft - schneller und weniger Aufwand\" \/>\n<meta property=\"og:description\" content=\"ingen sliddele der skal skiftes, nem at reng\u00f8re og ikke brug for plastificerende tils\u00e6tning og fuger unden problemer 0-4 mm m\u00f8rtler\" \/>\n<meta property=\"og:url\" content=\"https:\/\/rivald.dk\/produkt\/moertel-fugepistol-paa-lufttryk-hurtigere-og-mindre-boevl\/\" \/>\n<meta property=\"og:site_name\" content=\"Rivald.dk\" \/>\n<meta property=\"article:publisher\" content=\"https:\/\/www.facebook.com\/rivald.dk\" \/>\n<meta property=\"article:modified_time\" content=\"2022-08-29T14:11:19+00:00\" \/>\n<meta property=\"og:image\" content=\"https:\/\/rivald.dk\/wp-content\/uploads\/2020\/09\/Mortel-Fugenpistole-Druckluft-fur-Zement-Mortel-Fugen.webp\" \/>\n\t<meta property=\"og:image:width\" content=\"1600\" \/>\n\t<meta property=\"og:image:height\" content=\"1600\" \/>\n\t<meta property=\"og:image:type\" content=\"image\/webp\" \/>\n<meta name=\"twitter:card\" content=\"summary_large_image\" \/>\n<meta name=\"twitter:label1\" content=\"Gesch\u00e4tzte Lesezeit\" \/>\n\t<meta name=\"twitter:data1\" content=\"1\u00a0Minute\" \/>\n<script type=\"application\/ld+json\" class=\"yoast-schema-graph\">{\"@context\":\"https:\/\/schema.org\",\"@graph\":[{\"@type\":\"WebPage\",\"@id\":\"https:\/\/rivald.dk\/produkt\/moertel-fugepistol-paa-lufttryk-hurtigere-og-mindre-boevl\/\",\"url\":\"https:\/\/rivald.dk\/produkt\/moertel-fugepistol-paa-lufttryk-hurtigere-og-mindre-boevl\/\",\"name\":\"M\u00f6rtel Fugen Spritze mit Druckluft - schneller und weniger Aufwand\",\"isPartOf\":{\"@id\":\"https:\/\/rivald.dk\/#website\"},\"primaryImageOfPage\":{\"@id\":\"https:\/\/rivald.dk\/produkt\/moertel-fugepistol-paa-lufttryk-hurtigere-og-mindre-boevl\/#primaryimage\"},\"image\":{\"@id\":\"https:\/\/rivald.dk\/produkt\/moertel-fugepistol-paa-lufttryk-hurtigere-og-mindre-boevl\/#primaryimage\"},\"thumbnailUrl\":\"https:\/\/rivald.dk\/wp-content\/uploads\/2020\/09\/Mortel-Fugenpistole-Druckluft-fur-Zement-Mortel-Fugen.webp\",\"datePublished\":\"2020-09-09T07:29:33+00:00\",\"dateModified\":\"2022-08-29T14:11:19+00:00\",\"description\":\"ingen sliddele der skal skiftes, nem at reng\u00f8re og ikke brug for plastificerende tils\u00e6tning og fuger unden problemer 0-4 mm m\u00f8rtler\",\"breadcrumb\":{\"@id\":\"https:\/\/rivald.dk\/produkt\/moertel-fugepistol-paa-lufttryk-hurtigere-og-mindre-boevl\/#breadcrumb\"},\"inLanguage\":\"de\",\"potentialAction\":[{\"@type\":\"ReadAction\",\"target\":[\"https:\/\/rivald.dk\/produkt\/moertel-fugepistol-paa-lufttryk-hurtigere-og-mindre-boevl\/\"]}]},{\"@type\":\"ImageObject\",\"inLanguage\":\"de\",\"@id\":\"https:\/\/rivald.dk\/produkt\/moertel-fugepistol-paa-lufttryk-hurtigere-og-mindre-boevl\/#primaryimage\",\"url\":\"https:\/\/rivald.dk\/wp-content\/uploads\/2020\/09\/Mortel-Fugenpistole-Druckluft-fur-Zement-Mortel-Fugen.webp\",\"contentUrl\":\"https:\/\/rivald.dk\/wp-content\/uploads\/2020\/09\/Mortel-Fugenpistole-Druckluft-fur-Zement-Mortel-Fugen.webp\",\"width\":1600,\"height\":1600,\"caption\":\"Automatisch und schnell verfugen mit Druckluft Fugenspritze M\u00f6rtelpresse M\u00f6rtelspritze\"},{\"@type\":\"BreadcrumbList\",\"@id\":\"https:\/\/rivald.dk\/produkt\/moertel-fugepistol-paa-lufttryk-hurtigere-og-mindre-boevl\/#breadcrumb\",\"itemListElement\":[{\"@type\":\"ListItem\",\"position\":1,\"name\":\"Forside\",\"item\":\"https:\/\/rivald.dk\/de\/\"},{\"@type\":\"ListItem\",\"position\":2,\"name\":\"Produkter\",\"item\":\"https:\/\/rivald.dk\/de\/geschaeft\/\"},{\"@type\":\"ListItem\",\"position\":3,\"name\":\"M\u00f8rtelfugepistoler\",\"item\":\"https:\/\/rivald.dk\/produkt-kategori\/moertel-fugepistol\/\"},{\"@type\":\"ListItem\",\"position\":4,\"name\":\"M\u00f6rtel Fugen Spritze mit Druckluft &#8211; schneller und weniger Aufwand\"}]},{\"@type\":\"WebSite\",\"@id\":\"https:\/\/rivald.dk\/#website\",\"url\":\"https:\/\/rivald.dk\/\",\"name\":\"Rivald.dk\",\"description\":\"\",\"publisher\":{\"@id\":\"https:\/\/rivald.dk\/#organization\"},\"potentialAction\":[{\"@type\":\"SearchAction\",\"target\":{\"@type\":\"EntryPoint\",\"urlTemplate\":\"https:\/\/rivald.dk\/?s={search_term_string}\"},\"query-input\":{\"@type\":\"PropertyValueSpecification\",\"valueRequired\":true,\"valueName\":\"search_term_string\"}}],\"inLanguage\":\"de\"},{\"@type\":\"Organization\",\"@id\":\"https:\/\/rivald.dk\/#organization\",\"name\":\"rivald.dk\",\"url\":\"https:\/\/rivald.dk\/\",\"logo\":{\"@type\":\"ImageObject\",\"inLanguage\":\"de\",\"@id\":\"https:\/\/rivald.dk\/#\/schema\/logo\/image\/\",\"url\":\"https:\/\/rivald.dk\/wp-content\/uploads\/2017\/06\/logo_v1.0.png\",\"contentUrl\":\"https:\/\/rivald.dk\/wp-content\/uploads\/2017\/06\/logo_v1.0.png\",\"width\":172,\"height\":40,\"caption\":\"rivald.dk\"},\"image\":{\"@id\":\"https:\/\/rivald.dk\/#\/schema\/logo\/image\/\"},\"sameAs\":[\"https:\/\/www.facebook.com\/rivald.dk\"]}]}<\/script>\n<!-- \/ Yoast SEO Premium plugin. -->","yoast_head_json":{"title":"M\u00f6rtel Fugen Spritze mit Druckluft - schneller und weniger Aufwand","description":"ingen sliddele der skal skiftes, nem at reng\u00f8re og ikke brug for plastificerende tils\u00e6tning og fuger unden problemer 0-4 mm m\u00f8rtler","robots":{"index":"index","follow":"follow","max-snippet":"max-snippet:-1","max-image-preview":"max-image-preview:large","max-video-preview":"max-video-preview:-1"},"canonical":"https:\/\/rivald.dk\/produkt\/moertel-fugepistol-paa-lufttryk-hurtigere-og-mindre-boevl\/","og_locale":"de_DE","og_type":"article","og_title":"M\u00f6rtel Fugen Spritze mit Druckluft - schneller und weniger Aufwand","og_description":"ingen sliddele der skal skiftes, nem at reng\u00f8re og ikke brug for plastificerende tils\u00e6tning og fuger unden problemer 0-4 mm m\u00f8rtler","og_url":"https:\/\/rivald.dk\/produkt\/moertel-fugepistol-paa-lufttryk-hurtigere-og-mindre-boevl\/","og_site_name":"Rivald.dk","article_publisher":"https:\/\/www.facebook.com\/rivald.dk","article_modified_time":"2022-08-29T14:11:19+00:00","og_image":[{"width":1600,"height":1600,"url":"https:\/\/rivald.dk\/wp-content\/uploads\/2020\/09\/Mortel-Fugenpistole-Druckluft-fur-Zement-Mortel-Fugen.webp","type":"image\/webp"}],"twitter_card":"summary_large_image","twitter_misc":{"Gesch\u00e4tzte Lesezeit":"1\u00a0Minute"},"schema":{"@context":"https:\/\/schema.org","@graph":[{"@type":"WebPage","@id":"https:\/\/rivald.dk\/produkt\/moertel-fugepistol-paa-lufttryk-hurtigere-og-mindre-boevl\/","url":"https:\/\/rivald.dk\/produkt\/moertel-fugepistol-paa-lufttryk-hurtigere-og-mindre-boevl\/","name":"M\u00f6rtel Fugen Spritze mit Druckluft - schneller und weniger Aufwand","isPartOf":{"@id":"https:\/\/rivald.dk\/#website"},"primaryImageOfPage":{"@id":"https:\/\/rivald.dk\/produkt\/moertel-fugepistol-paa-lufttryk-hurtigere-og-mindre-boevl\/#primaryimage"},"image":{"@id":"https:\/\/rivald.dk\/produkt\/moertel-fugepistol-paa-lufttryk-hurtigere-og-mindre-boevl\/#primaryimage"},"thumbnailUrl":"https:\/\/rivald.dk\/wp-content\/uploads\/2020\/09\/Mortel-Fugenpistole-Druckluft-fur-Zement-Mortel-Fugen.webp","datePublished":"2020-09-09T07:29:33+00:00","dateModified":"2022-08-29T14:11:19+00:00","description":"ingen sliddele der skal skiftes, nem at reng\u00f8re og ikke brug for plastificerende tils\u00e6tning og fuger unden problemer 0-4 mm m\u00f8rtler","breadcrumb":{"@id":"https:\/\/rivald.dk\/produkt\/moertel-fugepistol-paa-lufttryk-hurtigere-og-mindre-boevl\/#breadcrumb"},"inLanguage":"de","potentialAction":[{"@type":"ReadAction","target":["https:\/\/rivald.dk\/produkt\/moertel-fugepistol-paa-lufttryk-hurtigere-og-mindre-boevl\/"]}]},{"@type":"ImageObject","inLanguage":"de","@id":"https:\/\/rivald.dk\/produkt\/moertel-fugepistol-paa-lufttryk-hurtigere-og-mindre-boevl\/#primaryimage","url":"https:\/\/rivald.dk\/wp-content\/uploads\/2020\/09\/Mortel-Fugenpistole-Druckluft-fur-Zement-Mortel-Fugen.webp","contentUrl":"https:\/\/rivald.dk\/wp-content\/uploads\/2020\/09\/Mortel-Fugenpistole-Druckluft-fur-Zement-Mortel-Fugen.webp","width":1600,"height":1600,"caption":"Automatisch und schnell verfugen mit Druckluft Fugenspritze M\u00f6rtelpresse M\u00f6rtelspritze"},{"@type":"BreadcrumbList","@id":"https:\/\/rivald.dk\/produkt\/moertel-fugepistol-paa-lufttryk-hurtigere-og-mindre-boevl\/#breadcrumb","itemListElement":[{"@type":"ListItem","position":1,"name":"Forside","item":"https:\/\/rivald.dk\/de\/"},{"@type":"ListItem","position":2,"name":"Produkter","item":"https:\/\/rivald.dk\/de\/geschaeft\/"},{"@type":"ListItem","position":3,"name":"M\u00f8rtelfugepistoler","item":"https:\/\/rivald.dk\/produkt-kategori\/moertel-fugepistol\/"},{"@type":"ListItem","position":4,"name":"M\u00f6rtel Fugen Spritze mit Druckluft &#8211; schneller und weniger Aufwand"}]},{"@type":"WebSite","@id":"https:\/\/rivald.dk\/#website","url":"https:\/\/rivald.dk\/","name":"Rivald.dk","description":"","publisher":{"@id":"https:\/\/rivald.dk\/#organization"},"potentialAction":[{"@type":"SearchAction","target":{"@type":"EntryPoint","urlTemplate":"https:\/\/rivald.dk\/?s={search_term_string}"},"query-input":{"@type":"PropertyValueSpecification","valueRequired":true,"valueName":"search_term_string"}}],"inLanguage":"de"},{"@type":"Organization","@id":"https:\/\/rivald.dk\/#organization","name":"rivald.dk","url":"https:\/\/rivald.dk\/","logo":{"@type":"ImageObject","inLanguage":"de","@id":"https:\/\/rivald.dk\/#\/schema\/logo\/image\/","url":"https:\/\/rivald.dk\/wp-content\/uploads\/2017\/06\/logo_v1.0.png","contentUrl":"https:\/\/rivald.dk\/wp-content\/uploads\/2017\/06\/logo_v1.0.png","width":172,"height":40,"caption":"rivald.dk"},"image":{"@id":"https:\/\/rivald.dk\/#\/schema\/logo\/image\/"},"sameAs":["https:\/\/www.facebook.com\/rivald.dk"]}]}},"_links":{"self":[{"href":"https:\/\/rivald.dk\/de\/wp-json\/wp\/v2\/product\/52019","targetHints":{"allow":["GET"]}}],"collection":[{"href":"https:\/\/rivald.dk\/de\/wp-json\/wp\/v2\/product"}],"about":[{"href":"https:\/\/rivald.dk\/de\/wp-json\/wp\/v2\/types\/product"}],"wp:featuredmedia":[{"embeddable":true,"href":"https:\/\/rivald.dk\/de\/wp-json\/wp\/v2\/media\/52022"}],"wp:attachment":[{"href":"https:\/\/rivald.dk\/de\/wp-json\/wp\/v2\/media?parent=52019"}],"wp:term":[{"taxonomy":"product_brand","embeddable":true,"href":"https:\/\/rivald.dk\/de\/wp-json\/wp\/v2\/product_brand?post=52019"},{"taxonomy":"product_cat","embeddable":true,"href":"https:\/\/rivald.dk\/de\/wp-json\/wp\/v2\/product_cat?post=52019"},{"taxonomy":"product_tag","embeddable":true,"href":"https:\/\/rivald.dk\/de\/wp-json\/wp\/v2\/product_tag?post=52019"}],"curies":[{"name":"wp","href":"https:\/\/api.w.org\/{rel}","templated":true}]}}